{"id":218,"date":"2020-05-12T03:43:04","date_gmt":"2020-05-12T09:43:04","guid":{"rendered":"https:\/\/www.grupoviverde.com.mx\/about\/"},"modified":"2023-09-22T12:51:16","modified_gmt":"2023-09-22T18:51:16","slug":"nosotros","status":"publish","type":"page","link":"https:\/\/www.grupoviverde.com.mx\/en\/nosotros\/","title":{"rendered":"About"},"content":{"rendered":"<div class=\"wp-block-uagb-container uagb-block-7d7b58dd alignfull uagb-is-root-container\"><div class=\"uagb-container-inner-blocks-wrap\">\n<p><\/p>\n\n\n\n<div class=\"wp-block-uagb-advanced-heading uagb-block-727fdec7\"><h1 class=\"uagb-heading-text\">About<\/h1><\/div>\n<\/div><\/div>\n\n\n\n<div class=\"wp-block-uagb-container uagb-block-9ff4b1b0 alignfull uagb-is-root-container\"><div class=\"uagb-container-inner-blocks-wrap\">\n<div class=\"wp-block-uagb-container uagb-block-71ec563f\">\n<div class=\"wp-block-uagb-advanced-heading uagb-block-89b39d98\"><h2 class=\"uagb-heading-text\">About<\/h2><\/div>\n<\/div>\n\n\n\n<div class=\"wp-block-uagb-container uagb-block-3f58fdb7\">\n<div class=\"wp-block-uagb-info-box uagb-block-3dc8a3c8 uagb-infobox__content-wrap  uagb-infobox-icon-above-title uagb-infobox-image-valign-top\"><div class=\"uagb-ifb-content\"><div class=\"uagb-ifb-title-wrap\"><span class=\"uagb-ifb-title-prefix\"><strong>With over 15 years of experience, we are the leading company in gardening and landscaping services in the Puerto Vallarta and Riviera de Nayarit area.<\/strong><\/span><\/div><p class=\"uagb-ifb-desc\">We also have service presence in Los Cabos and Quer\u00e9taro. We make sure to provide you with the best quality of vegetation, products, and impeccable work to ensure your satisfaction. <\/p><\/div><\/div>\n<\/div>\n<\/div><\/div>\n\n\n\n<p><\/p>\n\n\n\n<p class=\"has-text-align-center\" style=\"font-size:30px\"><strong>Green areas<\/strong><\/p>\n\n\n\n<div class=\"wp-block-group nfd-my-0 is-content-justification-center is-nowrap is-layout-flex wp-container-core-group-is-layout-23441af8 wp-block-group-is-layout-flex\">\n<figure class=\"wp-block-gallery has-nested-images columns-default is-cropped wp-block-gallery-1 is-layout-flex wp-block-gallery-is-layout-flex\">\n<figure class=\"wp-block-image size-full nfd-w-full is-style-default\"><img data-recalc-dims=\"1\" decoding=\"async\" width=\"1024\" height=\"682\" data-id=\"963\" data-src=\"https:\/\/i0.wp.com\/www.grupoviverde.com.mx\/wp-content\/uploads\/2023\/06\/GRUPO-VIVERDE-PAISAJISMO-SISTEMAS-DE-RIEGO-DISENO-DE-JARDINES-12.jpg?resize=1024%2C682&#038;ssl=1\" alt=\"Grupo viverde, mantenimiento de jardines en puerto vallarta, mantenimiento de \u00e1reas verdes puerto vallarta, mantenimiento de jard\u00ednes en en bah\u00eda de banderas\" class=\"wp-image-963 lazyload\" data-srcset=\"https:\/\/i0.wp.com\/www.grupoviverde.com.mx\/wp-content\/uploads\/2023\/06\/GRUPO-VIVERDE-PAISAJISMO-SISTEMAS-DE-RIEGO-DISENO-DE-JARDINES-12.jpg?w=1024&amp;ssl=1 1024w, https:\/\/i0.wp.com\/www.grupoviverde.com.mx\/wp-content\/uploads\/2023\/06\/GRUPO-VIVERDE-PAISAJISMO-SISTEMAS-DE-RIEGO-DISENO-DE-JARDINES-12.jpg?resize=300%2C200&amp;ssl=1 300w, https:\/\/i0.wp.com\/www.grupoviverde.com.mx\/wp-content\/uploads\/2023\/06\/GRUPO-VIVERDE-PAISAJISMO-SISTEMAS-DE-RIEGO-DISENO-DE-JARDINES-12.jpg?resize=768%2C512&amp;ssl=1 768w\" data-sizes=\"auto, (max-width: 1000px) 100vw, 1000px\" src=\"data:image\/svg+xml;base64,PHN2ZyB3aWR0aD0iMSIgaGVpZ2h0PSIxIiB4bWxucz0iaHR0cDovL3d3dy53My5vcmcvMjAwMC9zdmciPjwvc3ZnPg==\" style=\"--smush-placeholder-width: 1024px; --smush-placeholder-aspect-ratio: 1024\/682;\" \/><\/figure>\n\n\n\n<figure class=\"wp-block-image size-large\"><img data-recalc-dims=\"1\" decoding=\"async\" width=\"1024\" height=\"785\" data-id=\"1214\" data-src=\"https:\/\/i0.wp.com\/www.grupoviverde.com.mx\/wp-content\/uploads\/2023\/09\/DSC_2667.jpeg?resize=1024%2C785&#038;ssl=1\" alt=\"\" class=\"wp-image-1214 lazyload\" data-srcset=\"https:\/\/i0.wp.com\/www.grupoviverde.com.mx\/wp-content\/uploads\/2023\/09\/DSC_2667-scaled.jpeg?resize=1024%2C785&amp;ssl=1 1024w, https:\/\/i0.wp.com\/www.grupoviverde.com.mx\/wp-content\/uploads\/2023\/09\/DSC_2667-scaled.jpeg?resize=300%2C230&amp;ssl=1 300w, https:\/\/i0.wp.com\/www.grupoviverde.com.mx\/wp-content\/uploads\/2023\/09\/DSC_2667-scaled.jpeg?resize=768%2C589&amp;ssl=1 768w, https:\/\/i0.wp.com\/www.grupoviverde.com.mx\/wp-content\/uploads\/2023\/09\/DSC_2667-scaled.jpeg?resize=1536%2C1177&amp;ssl=1 1536w, https:\/\/i0.wp.com\/www.grupoviverde.com.mx\/wp-content\/uploads\/2023\/09\/DSC_2667-scaled.jpeg?w=2000&amp;ssl=1 2000w\" data-sizes=\"auto, (max-width: 1000px) 100vw, 1000px\" src=\"data:image\/svg+xml;base64,PHN2ZyB3aWR0aD0iMSIgaGVpZ2h0PSIxIiB4bWxucz0iaHR0cDovL3d3dy53My5vcmcvMjAwMC9zdmciPjwvc3ZnPg==\" style=\"--smush-placeholder-width: 1024px; --smush-placeholder-aspect-ratio: 1024\/785;\" \/><\/figure>\n\n\n\n<figure class=\"wp-block-image size-full\"><img data-recalc-dims=\"1\" decoding=\"async\" width=\"1024\" height=\"682\" data-id=\"961\" data-src=\"https:\/\/i0.wp.com\/www.grupoviverde.com.mx\/wp-content\/uploads\/2023\/06\/GRUPO-VIVERDE-PAISAJISMO-SISTEMAS-DE-RIEGO-DISENO-DE-JARDINES-8.jpg?resize=1024%2C682&#038;ssl=1\" alt=\"Grupo Viverde, trasplante de arboles en puerto vallarta, trasplante de palmeras en puerto vallarta\" class=\"wp-image-961 lazyload\" data-srcset=\"https:\/\/i0.wp.com\/www.grupoviverde.com.mx\/wp-content\/uploads\/2023\/06\/GRUPO-VIVERDE-PAISAJISMO-SISTEMAS-DE-RIEGO-DISENO-DE-JARDINES-8.jpg?w=1024&amp;ssl=1 1024w, https:\/\/i0.wp.com\/www.grupoviverde.com.mx\/wp-content\/uploads\/2023\/06\/GRUPO-VIVERDE-PAISAJISMO-SISTEMAS-DE-RIEGO-DISENO-DE-JARDINES-8.jpg?resize=300%2C200&amp;ssl=1 300w, https:\/\/i0.wp.com\/www.grupoviverde.com.mx\/wp-content\/uploads\/2023\/06\/GRUPO-VIVERDE-PAISAJISMO-SISTEMAS-DE-RIEGO-DISENO-DE-JARDINES-8.jpg?resize=768%2C512&amp;ssl=1 768w\" data-sizes=\"auto, (max-width: 1000px) 100vw, 1000px\" src=\"data:image\/svg+xml;base64,PHN2ZyB3aWR0aD0iMSIgaGVpZ2h0PSIxIiB4bWxucz0iaHR0cDovL3d3dy53My5vcmcvMjAwMC9zdmciPjwvc3ZnPg==\" style=\"--smush-placeholder-width: 1024px; --smush-placeholder-aspect-ratio: 1024\/682;\" \/><\/figure>\n\n\n\n<figure class=\"wp-block-image size-large\"><img data-recalc-dims=\"1\" decoding=\"async\" width=\"1024\" height=\"684\" data-id=\"1215\" data-src=\"https:\/\/i0.wp.com\/www.grupoviverde.com.mx\/wp-content\/uploads\/2023\/09\/DSC_2651.jpeg?resize=1024%2C684&#038;ssl=1\" alt=\"\" class=\"wp-image-1215 lazyload\" data-srcset=\"https:\/\/i0.wp.com\/www.grupoviverde.com.mx\/wp-content\/uploads\/2023\/09\/DSC_2651-scaled.jpeg?resize=1024%2C684&amp;ssl=1 1024w, https:\/\/i0.wp.com\/www.grupoviverde.com.mx\/wp-content\/uploads\/2023\/09\/DSC_2651-scaled.jpeg?resize=300%2C200&amp;ssl=1 300w, https:\/\/i0.wp.com\/www.grupoviverde.com.mx\/wp-content\/uploads\/2023\/09\/DSC_2651-scaled.jpeg?resize=768%2C513&amp;ssl=1 768w, https:\/\/i0.wp.com\/www.grupoviverde.com.mx\/wp-content\/uploads\/2023\/09\/DSC_2651-scaled.jpeg?resize=1536%2C1025&amp;ssl=1 1536w, https:\/\/i0.wp.com\/www.grupoviverde.com.mx\/wp-content\/uploads\/2023\/09\/DSC_2651-scaled.jpeg?resize=2048%2C1367&amp;ssl=1 2048w\" data-sizes=\"auto, (max-width: 1000px) 100vw, 1000px\" src=\"data:image\/svg+xml;base64,PHN2ZyB3aWR0aD0iMSIgaGVpZ2h0PSIxIiB4bWxucz0iaHR0cDovL3d3dy53My5vcmcvMjAwMC9zdmciPjwvc3ZnPg==\" style=\"--smush-placeholder-width: 1024px; --smush-placeholder-aspect-ratio: 1024\/684;\" \/><\/figure>\n<\/figure>\n<\/div>\n\n\n\n<div class=\"wp-block-uagb-container uagb-block-b00ffe35 alignfull uagb-is-root-container\"><div class=\"uagb-container-inner-blocks-wrap\">\n<div class=\"wp-block-uagb-container uagb-block-6b331865\">\n<div class=\"wp-block-uagb-advanced-heading uagb-block-bb596e5a\"><h2 class=\"uagb-heading-text\">Mission<\/h2><p class=\"uagb-desc-text\">Our mission is to transform our clients' spaces into a benchmark of tranquility, comfort, and great plant beauty.<\/p><\/div>\n<\/div>\n\n\n\n<div class=\"wp-block-uagb-container uagb-block-5d8a7474\">\n<div class=\"wp-block-uagb-advanced-heading uagb-block-76f65093\"><div class=\"uagb-heading-text\">Vision<\/div><p class=\"uagb-desc-text\">To be the number one benchmark in comprehensive landscaping solutions, irrigation systems, and green area maintenance; the spearhead in global management and quality standards, adding the best talent to maintain a fresh and innovative perspective that endures over time.<\/p><\/div>\n<\/div>\n\n\n\n<div class=\"wp-block-uagb-container uagb-block-65517606\">\n<div class=\"wp-block-uagb-advanced-heading uagb-block-2a34c4d2\"><h2 class=\"uagb-heading-text\">Values<\/h2><\/div>\n\n\n\n<p><\/p>\n\n\n\n<div class=\"wp-block-uagb-icon-list uagb-block-0179d317\"><div class=\"uagb-icon-list__wrap\">\n<div class=\"wp-block-uagb-icon-list-child uagb-block-f0645e0c\"><span class=\"uagb-icon-list__source-wrap\"><svg xmlns=\"https:\/\/www.w3.org\/2000\/svg\" viewbox=\"0 0 512 512\"><path d=\"M512 165.4c0 127.9-70.05 235.3-175.3 270.1c-20.04 7.938-41.83 12.46-64.69 12.46c-64.9 0-125.2-36.51-155.7-94.47c-54.13 49.93-68.71 107-68.96 108.1C44.72 472.6 34.87 480 24.02 480c-1.844 0-3.727-.2187-5.602-.6562c-12.89-3.098-20.84-16.08-17.75-28.96c9.598-39.5 90.47-226.4 335.3-226.4C344.8 224 352 216.8 352 208S344.8 192 336 192C228.6 192 151 226.6 96.29 267.6c.1934-10.82 1.242-21.84 3.535-33.05c13.47-65.81 66.04-119 131.4-134.2c28.33-6.562 55.68-6.013 80.93-.0054c56 13.32 118.2-7.412 149.3-61.24c5.664-9.828 20.02-9.516 24.66 .8282C502.7 76.76 512 121.9 512 165.4z\"><\/path><\/svg><\/span><span class=\"uagb-icon-list__label\">Professionalism<\/span><\/div>\n\n\n\n<div class=\"wp-block-uagb-icon-list-child uagb-block-75af2312\"><span class=\"uagb-icon-list__source-wrap\"><svg xmlns=\"https:\/\/www.w3.org\/2000\/svg\" viewbox=\"0 0 512 512\"><path d=\"M512 165.4c0 127.9-70.05 235.3-175.3 270.1c-20.04 7.938-41.83 12.46-64.69 12.46c-64.9 0-125.2-36.51-155.7-94.47c-54.13 49.93-68.71 107-68.96 108.1C44.72 472.6 34.87 480 24.02 480c-1.844 0-3.727-.2187-5.602-.6562c-12.89-3.098-20.84-16.08-17.75-28.96c9.598-39.5 90.47-226.4 335.3-226.4C344.8 224 352 216.8 352 208S344.8 192 336 192C228.6 192 151 226.6 96.29 267.6c.1934-10.82 1.242-21.84 3.535-33.05c13.47-65.81 66.04-119 131.4-134.2c28.33-6.562 55.68-6.013 80.93-.0054c56 13.32 118.2-7.412 149.3-61.24c5.664-9.828 20.02-9.516 24.66 .8282C502.7 76.76 512 121.9 512 165.4z\"><\/path><\/svg><\/span><span class=\"uagb-icon-list__label\">Quality<\/span><\/div>\n\n\n\n<div class=\"wp-block-uagb-icon-list-child uagb-block-00ba584c\"><span class=\"uagb-icon-list__source-wrap\"><svg xmlns=\"https:\/\/www.w3.org\/2000\/svg\" viewbox=\"0 0 512 512\"><path d=\"M512 165.4c0 127.9-70.05 235.3-175.3 270.1c-20.04 7.938-41.83 12.46-64.69 12.46c-64.9 0-125.2-36.51-155.7-94.47c-54.13 49.93-68.71 107-68.96 108.1C44.72 472.6 34.87 480 24.02 480c-1.844 0-3.727-.2187-5.602-.6562c-12.89-3.098-20.84-16.08-17.75-28.96c9.598-39.5 90.47-226.4 335.3-226.4C344.8 224 352 216.8 352 208S344.8 192 336 192C228.6 192 151 226.6 96.29 267.6c.1934-10.82 1.242-21.84 3.535-33.05c13.47-65.81 66.04-119 131.4-134.2c28.33-6.562 55.68-6.013 80.93-.0054c56 13.32 118.2-7.412 149.3-61.24c5.664-9.828 20.02-9.516 24.66 .8282C502.7 76.76 512 121.9 512 165.4z\"><\/path><\/svg><\/span><span class=\"uagb-icon-list__label\">Creativity<\/span><\/div>\n\n\n\n<div class=\"wp-block-uagb-icon-list-child uagb-block-09d05f4c\"><span class=\"uagb-icon-list__source-wrap\"><svg xmlns=\"https:\/\/www.w3.org\/2000\/svg\" viewbox=\"0 0 512 512\"><path d=\"M512 165.4c0 127.9-70.05 235.3-175.3 270.1c-20.04 7.938-41.83 12.46-64.69 12.46c-64.9 0-125.2-36.51-155.7-94.47c-54.13 49.93-68.71 107-68.96 108.1C44.72 472.6 34.87 480 24.02 480c-1.844 0-3.727-.2187-5.602-.6562c-12.89-3.098-20.84-16.08-17.75-28.96c9.598-39.5 90.47-226.4 335.3-226.4C344.8 224 352 216.8 352 208S344.8 192 336 192C228.6 192 151 226.6 96.29 267.6c.1934-10.82 1.242-21.84 3.535-33.05c13.47-65.81 66.04-119 131.4-134.2c28.33-6.562 55.68-6.013 80.93-.0054c56 13.32 118.2-7.412 149.3-61.24c5.664-9.828 20.02-9.516 24.66 .8282C502.7 76.76 512 121.9 512 165.4z\"><\/path><\/svg><\/span><span class=\"uagb-icon-list__label\">Integrity<\/span><\/div>\n<\/div><\/div>\n<\/div>\n<\/div><\/div>","protected":false},"excerpt":{"rendered":"<p>Nosotros Nosotros Rincones verdes Misi\u00f3n Nuestra misi\u00f3n es transformar los espacios de nuestros clientes en un referente de tranquilidad, comodidad y gran belleza vegetal. Visi\u00f3n Ser el referente n\u00famero uno en soluciones integrales de paisajismo, sistemas de riego y mantenimiento de \u00e1reas verdes; la punta de lanza en est\u00e1ndares de gesti\u00f3n y calidad a nivel [&hellip;]<\/p>\n","protected":false},"author":1,"featured_media":0,"parent":0,"menu_order":0,"comment_status":"closed","ping_status":"closed","template":"","meta":{"nf_dc_page":"","om_disable_all_campaigns":false,"_uag_custom_page_level_css":"","_monsterinsights_skip_tracking":false,"_monsterinsights_sitenote_active":false,"_monsterinsights_sitenote_note":"","_monsterinsights_sitenote_category":0,"site-sidebar-layout":"no-sidebar","site-content-layout":"plain-container","ast-site-content-layout":"normal-width-container","site-content-style":"unboxed","site-sidebar-style":"unboxed","ast-global-header-display":"","ast-banner-title-visibility":"","ast-main-header-display":"","ast-hfb-above-header-display":"","ast-hfb-below-header-display":"","ast-hfb-mobile-header-display":"","site-post-title":"disabled","ast-breadcrumbs-content":"","ast-featured-img":"disabled","footer-sml-layout":"","ast-disable-related-posts":"","theme-transparent-header-meta":"enabled","adv-header-id-meta":"","stick-header-meta":"","header-above-stick-meta":"","header-main-stick-meta":"","header-below-stick-meta":"","astra-migrate-meta-layouts":"set","ast-page-background-enabled":"default","ast-page-background-meta":{"desktop":{"background-color":"","background-image":"","background-repeat":"repeat","background-position":"center center","background-size":"auto","background-attachment":"scroll","background-type":"","background-media":"","overlay-type":"","overlay-color":"","overlay-opacity":"","overlay-gradient":""},"tablet":{"background-color":"","background-image":"","background-repeat":"repeat","background-position":"center center","background-size":"auto","background-attachment":"scroll","background-type":"","background-media":"","overlay-type":"","overlay-color":"","overlay-opacity":"","overlay-gradient":""},"mobile":{"background-color":"","background-image":"","background-repeat":"repeat","background-position":"center center","background-size":"auto","background-attachment":"scroll","background-type":"","background-media":"","overlay-type":"","overlay-color":"","overlay-opacity":"","overlay-gradient":""}},"ast-content-background-meta":{"desktop":{"background-color":"var(--ast-global-color-5)","background-image":"","background-repeat":"repeat","background-position":"center center","background-size":"auto","background-attachment":"scroll","background-type":"","background-media":"","overlay-type":"","overlay-color":"","overlay-opacity":"","overlay-gradient":""},"tablet":{"background-color":"var(--ast-global-color-5)","background-image":"","background-repeat":"repeat","background-position":"center center","background-size":"auto","background-attachment":"scroll","background-type":"","background-media":"","overlay-type":"","overlay-color":"","overlay-opacity":"","overlay-gradient":""},"mobile":{"background-color":"var(--ast-global-color-5)","background-image":"","background-repeat":"repeat","background-position":"center center","background-size":"auto","background-attachment":"scroll","background-type":"","background-media":"","overlay-type":"","overlay-color":"","overlay-opacity":"","overlay-gradient":""}},"footnotes":""},"class_list":["post-218","page","type-page","status-publish","hentry"],"yoast_head":"<!-- This site is optimized with the Yoast SEO plugin v27.5 - https:\/\/yoast.com\/product\/yoast-seo-wordpress\/ -->\n<title>Nosotros - Grupo Viverde<\/title>\n<meta name=\"description\" content=\"Nuestro equipo de profesionales en jardiner\u00eda y paisajismo en Puerto Vallarta crea entornos verdes excepcionales. Conoce nuestra filosof\u00eda\" \/>\n<meta name=\"robots\" content=\"index, follow, max-snippet:-1, max-image-preview:large, max-video-preview:-1\" \/>\n<link rel=\"canonical\" href=\"https:\/\/www.grupoviverde.com.mx\/en\/nosotros\/\" \/>\n<meta property=\"og:locale\" content=\"en_US\" \/>\n<meta property=\"og:type\" content=\"article\" \/>\n<meta property=\"og:title\" content=\"Nosotros - Grupo Viverde\" \/>\n<meta property=\"og:description\" content=\"Nuestro equipo de profesionales en jardiner\u00eda y paisajismo en Puerto Vallarta crea entornos verdes excepcionales. Conoce nuestra filosof\u00eda\" \/>\n<meta property=\"og:url\" content=\"https:\/\/www.grupoviverde.com.mx\/en\/nosotros\/\" \/>\n<meta property=\"og:site_name\" content=\"Grupo Viverde\" \/>\n<meta property=\"article:modified_time\" content=\"2023-09-22T18:51:16+00:00\" \/>\n<meta property=\"og:image\" content=\"https:\/\/www.grupoviverde.com.mx\/wp-content\/uploads\/2023\/06\/GRUPO-VIVERDE-PAISAJISMO-SISTEMAS-DE-RIEGO-DISENO-DE-JARDINES-12.jpg\" \/>\n<meta name=\"twitter:card\" content=\"summary_large_image\" \/>\n<meta name=\"twitter:label1\" content=\"Est. reading time\" \/>\n\t<meta name=\"twitter:data1\" content=\"2 minutes\" \/>\n<script type=\"application\/ld+json\" class=\"yoast-schema-graph\">{\"@context\":\"https:\\\/\\\/schema.org\",\"@graph\":[{\"@type\":\"WebPage\",\"@id\":\"https:\\\/\\\/www.grupoviverde.com.mx\\\/nosotros\\\/\",\"url\":\"https:\\\/\\\/www.grupoviverde.com.mx\\\/nosotros\\\/\",\"name\":\"Nosotros - Grupo Viverde\",\"isPartOf\":{\"@id\":\"https:\\\/\\\/www.grupoviverde.com.mx\\\/#website\"},\"primaryImageOfPage\":{\"@id\":\"https:\\\/\\\/www.grupoviverde.com.mx\\\/nosotros\\\/#primaryimage\"},\"image\":{\"@id\":\"https:\\\/\\\/www.grupoviverde.com.mx\\\/nosotros\\\/#primaryimage\"},\"thumbnailUrl\":\"https:\\\/\\\/www.grupoviverde.com.mx\\\/wp-content\\\/uploads\\\/2023\\\/06\\\/GRUPO-VIVERDE-PAISAJISMO-SISTEMAS-DE-RIEGO-DISENO-DE-JARDINES-12.jpg\",\"datePublished\":\"2020-05-12T09:43:04+00:00\",\"dateModified\":\"2023-09-22T18:51:16+00:00\",\"description\":\"Nuestro equipo de profesionales en jardiner\u00eda y paisajismo en Puerto Vallarta crea entornos verdes excepcionales. Conoce nuestra filosof\u00eda\",\"breadcrumb\":{\"@id\":\"https:\\\/\\\/www.grupoviverde.com.mx\\\/nosotros\\\/#breadcrumb\"},\"inLanguage\":\"en-US\",\"potentialAction\":[{\"@type\":\"ReadAction\",\"target\":[\"https:\\\/\\\/www.grupoviverde.com.mx\\\/nosotros\\\/\"]}]},{\"@type\":\"ImageObject\",\"inLanguage\":\"en-US\",\"@id\":\"https:\\\/\\\/www.grupoviverde.com.mx\\\/nosotros\\\/#primaryimage\",\"url\":\"https:\\\/\\\/www.grupoviverde.com.mx\\\/wp-content\\\/uploads\\\/2023\\\/06\\\/GRUPO-VIVERDE-PAISAJISMO-SISTEMAS-DE-RIEGO-DISENO-DE-JARDINES-12.jpg\",\"contentUrl\":\"https:\\\/\\\/www.grupoviverde.com.mx\\\/wp-content\\\/uploads\\\/2023\\\/06\\\/GRUPO-VIVERDE-PAISAJISMO-SISTEMAS-DE-RIEGO-DISENO-DE-JARDINES-12.jpg\"},{\"@type\":\"BreadcrumbList\",\"@id\":\"https:\\\/\\\/www.grupoviverde.com.mx\\\/nosotros\\\/#breadcrumb\",\"itemListElement\":[{\"@type\":\"ListItem\",\"position\":1,\"name\":\"Home\",\"item\":\"https:\\\/\\\/www.grupoviverde.com.mx\\\/\"},{\"@type\":\"ListItem\",\"position\":2,\"name\":\"Nosotros\"}]},{\"@type\":\"WebSite\",\"@id\":\"https:\\\/\\\/www.grupoviverde.com.mx\\\/#website\",\"url\":\"https:\\\/\\\/www.grupoviverde.com.mx\\\/\",\"name\":\"Grupo Viverde\",\"description\":\"Innovadores por Naturaleza\",\"potentialAction\":[{\"@type\":\"SearchAction\",\"target\":{\"@type\":\"EntryPoint\",\"urlTemplate\":\"https:\\\/\\\/www.grupoviverde.com.mx\\\/?s={search_term_string}\"},\"query-input\":{\"@type\":\"PropertyValueSpecification\",\"valueRequired\":true,\"valueName\":\"search_term_string\"}}],\"inLanguage\":\"en-US\"}]}<\/script>\n<!-- \/ Yoast SEO plugin. -->","yoast_head_json":{"title":"Nosotros - Grupo Viverde","description":"Nuestro equipo de profesionales en jardiner\u00eda y paisajismo en Puerto Vallarta crea entornos verdes excepcionales. Conoce nuestra filosof\u00eda","robots":{"index":"index","follow":"follow","max-snippet":"max-snippet:-1","max-image-preview":"max-image-preview:large","max-video-preview":"max-video-preview:-1"},"canonical":"https:\/\/www.grupoviverde.com.mx\/en\/nosotros\/","og_locale":"en_US","og_type":"article","og_title":"Nosotros - Grupo Viverde","og_description":"Nuestro equipo de profesionales en jardiner\u00eda y paisajismo en Puerto Vallarta crea entornos verdes excepcionales. Conoce nuestra filosof\u00eda","og_url":"https:\/\/www.grupoviverde.com.mx\/en\/nosotros\/","og_site_name":"Grupo Viverde","article_modified_time":"2023-09-22T18:51:16+00:00","og_image":[{"url":"https:\/\/www.grupoviverde.com.mx\/wp-content\/uploads\/2023\/06\/GRUPO-VIVERDE-PAISAJISMO-SISTEMAS-DE-RIEGO-DISENO-DE-JARDINES-12.jpg","type":"","width":"","height":""}],"twitter_card":"summary_large_image","twitter_misc":{"Est. reading time":"2 minutes"},"schema":{"@context":"https:\/\/schema.org","@graph":[{"@type":"WebPage","@id":"https:\/\/www.grupoviverde.com.mx\/nosotros\/","url":"https:\/\/www.grupoviverde.com.mx\/nosotros\/","name":"Nosotros - Grupo Viverde","isPartOf":{"@id":"https:\/\/www.grupoviverde.com.mx\/#website"},"primaryImageOfPage":{"@id":"https:\/\/www.grupoviverde.com.mx\/nosotros\/#primaryimage"},"image":{"@id":"https:\/\/www.grupoviverde.com.mx\/nosotros\/#primaryimage"},"thumbnailUrl":"https:\/\/www.grupoviverde.com.mx\/wp-content\/uploads\/2023\/06\/GRUPO-VIVERDE-PAISAJISMO-SISTEMAS-DE-RIEGO-DISENO-DE-JARDINES-12.jpg","datePublished":"2020-05-12T09:43:04+00:00","dateModified":"2023-09-22T18:51:16+00:00","description":"Nuestro equipo de profesionales en jardiner\u00eda y paisajismo en Puerto Vallarta crea entornos verdes excepcionales. Conoce nuestra filosof\u00eda","breadcrumb":{"@id":"https:\/\/www.grupoviverde.com.mx\/nosotros\/#breadcrumb"},"inLanguage":"en-US","potentialAction":[{"@type":"ReadAction","target":["https:\/\/www.grupoviverde.com.mx\/nosotros\/"]}]},{"@type":"ImageObject","inLanguage":"en-US","@id":"https:\/\/www.grupoviverde.com.mx\/nosotros\/#primaryimage","url":"https:\/\/www.grupoviverde.com.mx\/wp-content\/uploads\/2023\/06\/GRUPO-VIVERDE-PAISAJISMO-SISTEMAS-DE-RIEGO-DISENO-DE-JARDINES-12.jpg","contentUrl":"https:\/\/www.grupoviverde.com.mx\/wp-content\/uploads\/2023\/06\/GRUPO-VIVERDE-PAISAJISMO-SISTEMAS-DE-RIEGO-DISENO-DE-JARDINES-12.jpg"},{"@type":"BreadcrumbList","@id":"https:\/\/www.grupoviverde.com.mx\/nosotros\/#breadcrumb","itemListElement":[{"@type":"ListItem","position":1,"name":"Home","item":"https:\/\/www.grupoviverde.com.mx\/"},{"@type":"ListItem","position":2,"name":"Nosotros"}]},{"@type":"WebSite","@id":"https:\/\/www.grupoviverde.com.mx\/#website","url":"https:\/\/www.grupoviverde.com.mx\/","name":"Grupo Viverde","description":"Innovadores por Naturaleza","potentialAction":[{"@type":"SearchAction","target":{"@type":"EntryPoint","urlTemplate":"https:\/\/www.grupoviverde.com.mx\/?s={search_term_string}"},"query-input":{"@type":"PropertyValueSpecification","valueRequired":true,"valueName":"search_term_string"}}],"inLanguage":"en-US"}]}},"uagb_featured_image_src":{"full":false,"thumbnail":false,"medium":false,"medium_large":false,"large":false,"1536x1536":false,"2048x2048":false,"trp-custom-language-flag":false},"uagb_author_info":{"display_name":"isma2023","author_link":"https:\/\/www.grupoviverde.com.mx\/en\/author\/isma2023\/"},"uagb_comment_info":0,"uagb_excerpt":"Nosotros Nosotros Rincones verdes Misi\u00f3n Nuestra misi\u00f3n es transformar los espacios de nuestros clientes en un referente de tranquilidad, comodidad y gran belleza vegetal. Visi\u00f3n Ser el referente n\u00famero uno en soluciones integrales de paisajismo, sistemas de riego y mantenimiento de \u00e1reas verdes; la punta de lanza en est\u00e1ndares de gesti\u00f3n y calidad a nivel&hellip;","jetpack_sharing_enabled":true,"_links":{"self":[{"href":"https:\/\/www.grupoviverde.com.mx\/en\/wp-json\/wp\/v2\/pages\/218","targetHints":{"allow":["GET"]}}],"collection":[{"href":"https:\/\/www.grupoviverde.com.mx\/en\/wp-json\/wp\/v2\/pages"}],"about":[{"href":"https:\/\/www.grupoviverde.com.mx\/en\/wp-json\/wp\/v2\/types\/page"}],"author":[{"embeddable":true,"href":"https:\/\/www.grupoviverde.com.mx\/en\/wp-json\/wp\/v2\/users\/1"}],"replies":[{"embeddable":true,"href":"https:\/\/www.grupoviverde.com.mx\/en\/wp-json\/wp\/v2\/comments?post=218"}],"version-history":[{"count":5,"href":"https:\/\/www.grupoviverde.com.mx\/en\/wp-json\/wp\/v2\/pages\/218\/revisions"}],"predecessor-version":[{"id":1333,"href":"https:\/\/www.grupoviverde.com.mx\/en\/wp-json\/wp\/v2\/pages\/218\/revisions\/1333"}],"wp:attachment":[{"href":"https:\/\/www.grupoviverde.com.mx\/en\/wp-json\/wp\/v2\/media?parent=218"}],"curies":[{"name":"wp","href":"https:\/\/api.w.org\/{rel}","templated":true}]}}