{"id":1302,"date":"2023-11-03T17:02:13","date_gmt":"2023-11-03T23:02:13","guid":{"rendered":"https:\/\/www.grupoviverde.com.mx\/?page_id=1302"},"modified":"2024-01-05T16:07:09","modified_gmt":"2024-01-05T22:07:09","slug":"vivero-puerto-vallarta","status":"publish","type":"page","link":"https:\/\/www.grupoviverde.com.mx\/en\/vivero-puerto-vallarta\/","title":{"rendered":"Nursery"},"content":{"rendered":"<div class=\"wp-block-uagb-container uagb-block-7d7b58dd alignfull uagb-is-root-container\"><div class=\"uagb-container-inner-blocks-wrap\">\n<p><\/p>\n\n\n\n<div class=\"wp-block-uagb-advanced-heading uagb-block-727fdec7\"><h1 class=\"uagb-heading-text\">Nursery<\/h1><\/div>\n<\/div><\/div>\n\n\n\n<div class=\"wp-block-uagb-container uagb-block-9ff4b1b0 alignfull uagb-is-root-container\"><div class=\"uagb-container-inner-blocks-wrap\">\n<div class=\"wp-block-uagb-info-box uagb-block-3dc8a3c8 uagb-infobox__content-wrap  uagb-infobox-icon-above-title uagb-infobox-image-valign-top\"><div class=\"uagb-ifb-content\"><div class=\"uagb-ifb-title-wrap\"><h4 class=\"uagb-ifb-title-prefix\"><br><br><br><br><br><br><br><strong>Discover our nursery in Puerto Vallarta!<br><\/strong><\/h4><\/div><p class=\"uagb-ifb-desc\"> <\/p><\/div><\/div>\n\n\n\n<figure class=\"wp-block-image alignfull size-large\"><img data-recalc-dims=\"1\" decoding=\"async\" width=\"1024\" height=\"683\" data-src=\"https:\/\/i0.wp.com\/www.grupoviverde.com.mx\/wp-content\/uploads\/2023\/11\/DSC_0378.jpg?resize=1024%2C683&#038;ssl=1\" alt=\"\" class=\"wp-image-1318 lazyload\" data-srcset=\"https:\/\/i0.wp.com\/www.grupoviverde.com.mx\/wp-content\/uploads\/2023\/11\/DSC_0378-scaled.jpg?resize=1024%2C683&amp;ssl=1 1024w, https:\/\/i0.wp.com\/www.grupoviverde.com.mx\/wp-content\/uploads\/2023\/11\/DSC_0378-scaled.jpg?resize=300%2C200&amp;ssl=1 300w, https:\/\/i0.wp.com\/www.grupoviverde.com.mx\/wp-content\/uploads\/2023\/11\/DSC_0378-scaled.jpg?resize=768%2C512&amp;ssl=1 768w, https:\/\/i0.wp.com\/www.grupoviverde.com.mx\/wp-content\/uploads\/2023\/11\/DSC_0378-scaled.jpg?resize=1536%2C1024&amp;ssl=1 1536w, https:\/\/i0.wp.com\/www.grupoviverde.com.mx\/wp-content\/uploads\/2023\/11\/DSC_0378-scaled.jpg?resize=2048%2C1365&amp;ssl=1 2048w, https:\/\/i0.wp.com\/www.grupoviverde.com.mx\/wp-content\/uploads\/2023\/11\/DSC_0378-scaled.jpg?resize=18%2C12&amp;ssl=1 18w\" data-sizes=\"auto, (max-width: 1000px) 100vw, 1000px\" src=\"data:image\/svg+xml;base64,PHN2ZyB3aWR0aD0iMSIgaGVpZ2h0PSIxIiB4bWxucz0iaHR0cDovL3d3dy53My5vcmcvMjAwMC9zdmciPjwvc3ZnPg==\" style=\"--smush-placeholder-width: 1024px; --smush-placeholder-aspect-ratio: 1024\/683;\" \/><\/figure>\n<\/div><\/div>\n\n\n\n<div class=\"wp-block-uagb-container uagb-block-5f7d07f9 alignfull uagb-is-root-container\"><div class=\"uagb-container-inner-blocks-wrap\">\n<div class=\"wp-block-uagb-info-box uagb-block-82ce8784 uagb-infobox__content-wrap  uagb-infobox-icon-above-title uagb-infobox-image-valign-top\"><div class=\"uagb-ifb-content\"><div class=\"uagb-ifb-title-wrap\"><h4 class=\"uagb-ifb-title-prefix\">Contamos con una variedad de m\u00e1s de 350 especies entre plantas ornamentales, \u00e1rboles nativos, cact\u00e1ceas y plantas de olor, adem\u00e1s  de productos de jardiner\u00eda como macetas, piedras decorativas y tierra preparada; multitud de opciones para transformar y embellecer tus \u00e1reas verdes. <br><br><strong>Somos productores de pasto natural y proveedores de pr\u00e1cticamente cualquier tipo de vegetaci\u00f3n.<br><\/strong><\/h4><\/div><p class=\"uagb-ifb-desc\"> <\/p><\/div><\/div>\n<\/div><\/div>\n\n\n\n<h2 class=\"wp-block-heading has-text-align-center\"><strong>\u200bOur catalogs<\/strong><\/h2>\n\n\n\n<div class=\"_df_book df-lite\" id=\"df_1310\"  _slug=\"catalago-arboles\" data-title=\"catalago-arboles-y-palmeras\" wpoptions=\"true\" thumbtype=\"\" ><\/div><script class=\"df-shortcode-script\" nowprocket type=\"application\/javascript\">window.option_df_1310 = {\"outline\":[],\"autoEnableOutline\":\"false\",\"autoEnableThumbnail\":\"false\",\"overwritePDFOutline\":\"false\",\"direction\":\"1\",\"pageSize\":\"0\",\"source\":\"https:\\\/\\\/www.grupoviverde.com.mx\\\/wp-content\\\/uploads\\\/2023\\\/11\\\/Binder-arbyp.pdf\",\"wpOptions\":\"true\"}; if(window.DFLIP && window.DFLIP.parseBooks){window.DFLIP.parseBooks();}<\/script>\n\n\n\n<div class=\"wp-block-uagb-container uagb-block-b00ffe35 alignfull uagb-is-root-container\"><div class=\"uagb-container-inner-blocks-wrap\">\t\t\t<div \n\t\t\tclass=\"wp-block-uagb-google-map uagb-google-map__wrap uagb-block-aba66100\"\n\t\t\tstyle=\"\" >\n\t\t\t\t<embed\n\t\t\t\t\tclass=\"uagb-google-map__iframe\"\n\t\t\t\t\ttitle=\"Google Map for \"\n\t\t\t\t\tsrc=\"https:\/\/maps.google.com\/maps?q=Grupo%20Viverde&#038;z=13&#038;hl=es&#038;t=m&#038;output=embed&#038;iwloc=near\"\n\t\t\t\t\twidth=\"640\"\n\t\t\t\t\theight=\"300\"\n\t\t\t\t\tloading=\"lazy\"\n\t\t\t\t><\/embed>\n\t\t\t<\/div>\n\t\t\t<\/div><\/div>","protected":false},"excerpt":{"rendered":"<p>Vivero Nuestros cat\u00e1lagos<\/p>","protected":false},"author":1,"featured_media":0,"parent":0,"menu_order":0,"comment_status":"closed","ping_status":"closed","template":"","meta":{"nf_dc_page":"","om_disable_all_campaigns":false,"_uag_custom_page_level_css":"","_monsterinsights_skip_tracking":false,"_monsterinsights_sitenote_active":false,"_monsterinsights_sitenote_note":"","_monsterinsights_sitenote_category":0,"site-sidebar-layout":"no-sidebar","site-content-layout":"plain-container","ast-site-content-layout":"normal-width-container","site-content-style":"unboxed","site-sidebar-style":"unboxed","ast-global-header-display":"","ast-banner-title-visibility":"","ast-main-header-display":"","ast-hfb-above-header-display":"","ast-hfb-below-header-display":"","ast-hfb-mobile-header-display":"","site-post-title":"disabled","ast-breadcrumbs-content":"","ast-featured-img":"disabled","footer-sml-layout":"","ast-disable-related-posts":"","theme-transparent-header-meta":"enabled","adv-header-id-meta":"","stick-header-meta":"","header-above-stick-meta":"","header-main-stick-meta":"","header-below-stick-meta":"","astra-migrate-meta-layouts":"set","ast-page-background-enabled":"default","ast-page-background-meta":{"desktop":{"background-color":"","background-image":"","background-repeat":"repeat","background-position":"center center","background-size":"auto","background-attachment":"scroll","background-type":"","background-media":"","overlay-type":"","overlay-color":"","overlay-opacity":"","overlay-gradient":""},"tablet":{"background-color":"","background-image":"","background-repeat":"repeat","background-position":"center center","background-size":"auto","background-attachment":"scroll","background-type":"","background-media":"","overlay-type":"","overlay-color":"","overlay-opacity":"","overlay-gradient":""},"mobile":{"background-color":"","background-image":"","background-repeat":"repeat","background-position":"center center","background-size":"auto","background-attachment":"scroll","background-type":"","background-media":"","overlay-type":"","overlay-color":"","overlay-opacity":"","overlay-gradient":""}},"ast-content-background-meta":{"desktop":{"background-color":"var(--ast-global-color-5)","background-image":"","background-repeat":"repeat","background-position":"center center","background-size":"auto","background-attachment":"scroll","background-type":"","background-media":"","overlay-type":"","overlay-color":"","overlay-opacity":"","overlay-gradient":""},"tablet":{"background-color":"var(--ast-global-color-5)","background-image":"","background-repeat":"repeat","background-position":"center center","background-size":"auto","background-attachment":"scroll","background-type":"","background-media":"","overlay-type":"","overlay-color":"","overlay-opacity":"","overlay-gradient":""},"mobile":{"background-color":"var(--ast-global-color-5)","background-image":"","background-repeat":"repeat","background-position":"center center","background-size":"auto","background-attachment":"scroll","background-type":"","background-media":"","overlay-type":"","overlay-color":"","overlay-opacity":"","overlay-gradient":""}},"footnotes":""},"class_list":["post-1302","page","type-page","status-publish","hentry"],"yoast_head":"<!-- This site is optimized with the Yoast SEO plugin v27.5 - https:\/\/yoast.com\/product\/yoast-seo-wordpress\/ -->\n<title>Vivero - Grupo Viverde<\/title>\n<meta name=\"description\" content=\"Nuestro equipo de profesionales en jardiner\u00eda y paisajismo en Puerto Vallarta crea entornos verdes excepcionales. Conoce nuestra filosof\u00eda\" \/>\n<meta name=\"robots\" content=\"index, follow, max-snippet:-1, max-image-preview:large, max-video-preview:-1\" \/>\n<link rel=\"canonical\" href=\"https:\/\/www.grupoviverde.com.mx\/en\/vivero-puerto-vallarta\/\" \/>\n<meta property=\"og:locale\" content=\"en_US\" \/>\n<meta property=\"og:type\" content=\"article\" \/>\n<meta property=\"og:title\" content=\"Vivero - Grupo Viverde\" \/>\n<meta property=\"og:description\" content=\"Nuestro equipo de profesionales en jardiner\u00eda y paisajismo en Puerto Vallarta crea entornos verdes excepcionales. Conoce nuestra filosof\u00eda\" \/>\n<meta property=\"og:url\" content=\"https:\/\/www.grupoviverde.com.mx\/en\/vivero-puerto-vallarta\/\" \/>\n<meta property=\"og:site_name\" content=\"Grupo Viverde\" \/>\n<meta property=\"article:modified_time\" content=\"2024-01-05T22:07:09+00:00\" \/>\n<meta property=\"og:image\" content=\"https:\/\/www.grupoviverde.com.mx\/wp-content\/uploads\/2023\/11\/DSC_0378-1024x683.jpg\" \/>\n<meta name=\"twitter:card\" content=\"summary_large_image\" \/>\n<meta name=\"twitter:label1\" content=\"Est. reading time\" \/>\n\t<meta name=\"twitter:data1\" content=\"1 minute\" \/>\n<script type=\"application\/ld+json\" class=\"yoast-schema-graph\">{\"@context\":\"https:\\\/\\\/schema.org\",\"@graph\":[{\"@type\":\"WebPage\",\"@id\":\"https:\\\/\\\/www.grupoviverde.com.mx\\\/vivero-puerto-vallarta\\\/\",\"url\":\"https:\\\/\\\/www.grupoviverde.com.mx\\\/vivero-puerto-vallarta\\\/\",\"name\":\"Vivero - Grupo Viverde\",\"isPartOf\":{\"@id\":\"https:\\\/\\\/www.grupoviverde.com.mx\\\/#website\"},\"primaryImageOfPage\":{\"@id\":\"https:\\\/\\\/www.grupoviverde.com.mx\\\/vivero-puerto-vallarta\\\/#primaryimage\"},\"image\":{\"@id\":\"https:\\\/\\\/www.grupoviverde.com.mx\\\/vivero-puerto-vallarta\\\/#primaryimage\"},\"thumbnailUrl\":\"https:\\\/\\\/www.grupoviverde.com.mx\\\/wp-content\\\/uploads\\\/2023\\\/11\\\/DSC_0378-1024x683.jpg\",\"datePublished\":\"2023-11-03T23:02:13+00:00\",\"dateModified\":\"2024-01-05T22:07:09+00:00\",\"description\":\"Nuestro equipo de profesionales en jardiner\u00eda y paisajismo en Puerto Vallarta crea entornos verdes excepcionales. Conoce nuestra filosof\u00eda\",\"breadcrumb\":{\"@id\":\"https:\\\/\\\/www.grupoviverde.com.mx\\\/vivero-puerto-vallarta\\\/#breadcrumb\"},\"inLanguage\":\"en-US\",\"potentialAction\":[{\"@type\":\"ReadAction\",\"target\":[\"https:\\\/\\\/www.grupoviverde.com.mx\\\/vivero-puerto-vallarta\\\/\"]}]},{\"@type\":\"ImageObject\",\"inLanguage\":\"en-US\",\"@id\":\"https:\\\/\\\/www.grupoviverde.com.mx\\\/vivero-puerto-vallarta\\\/#primaryimage\",\"url\":\"https:\\\/\\\/www.grupoviverde.com.mx\\\/wp-content\\\/uploads\\\/2023\\\/11\\\/DSC_0378-1024x683.jpg\",\"contentUrl\":\"https:\\\/\\\/www.grupoviverde.com.mx\\\/wp-content\\\/uploads\\\/2023\\\/11\\\/DSC_0378-1024x683.jpg\"},{\"@type\":\"BreadcrumbList\",\"@id\":\"https:\\\/\\\/www.grupoviverde.com.mx\\\/vivero-puerto-vallarta\\\/#breadcrumb\",\"itemListElement\":[{\"@type\":\"ListItem\",\"position\":1,\"name\":\"Home\",\"item\":\"https:\\\/\\\/www.grupoviverde.com.mx\\\/\"},{\"@type\":\"ListItem\",\"position\":2,\"name\":\"Vivero\"}]},{\"@type\":\"WebSite\",\"@id\":\"https:\\\/\\\/www.grupoviverde.com.mx\\\/#website\",\"url\":\"https:\\\/\\\/www.grupoviverde.com.mx\\\/\",\"name\":\"Grupo Viverde\",\"description\":\"Innovadores por Naturaleza\",\"potentialAction\":[{\"@type\":\"SearchAction\",\"target\":{\"@type\":\"EntryPoint\",\"urlTemplate\":\"https:\\\/\\\/www.grupoviverde.com.mx\\\/?s={search_term_string}\"},\"query-input\":{\"@type\":\"PropertyValueSpecification\",\"valueRequired\":true,\"valueName\":\"search_term_string\"}}],\"inLanguage\":\"en-US\"}]}<\/script>\n<!-- \/ Yoast SEO plugin. -->","yoast_head_json":{"title":"Vivero - Grupo Viverde","description":"Nuestro equipo de profesionales en jardiner\u00eda y paisajismo en Puerto Vallarta crea entornos verdes excepcionales. Conoce nuestra filosof\u00eda","robots":{"index":"index","follow":"follow","max-snippet":"max-snippet:-1","max-image-preview":"max-image-preview:large","max-video-preview":"max-video-preview:-1"},"canonical":"https:\/\/www.grupoviverde.com.mx\/en\/vivero-puerto-vallarta\/","og_locale":"en_US","og_type":"article","og_title":"Vivero - Grupo Viverde","og_description":"Nuestro equipo de profesionales en jardiner\u00eda y paisajismo en Puerto Vallarta crea entornos verdes excepcionales. Conoce nuestra filosof\u00eda","og_url":"https:\/\/www.grupoviverde.com.mx\/en\/vivero-puerto-vallarta\/","og_site_name":"Grupo Viverde","article_modified_time":"2024-01-05T22:07:09+00:00","og_image":[{"url":"https:\/\/www.grupoviverde.com.mx\/wp-content\/uploads\/2023\/11\/DSC_0378-1024x683.jpg","type":"","width":"","height":""}],"twitter_card":"summary_large_image","twitter_misc":{"Est. reading time":"1 minute"},"schema":{"@context":"https:\/\/schema.org","@graph":[{"@type":"WebPage","@id":"https:\/\/www.grupoviverde.com.mx\/vivero-puerto-vallarta\/","url":"https:\/\/www.grupoviverde.com.mx\/vivero-puerto-vallarta\/","name":"Vivero - Grupo Viverde","isPartOf":{"@id":"https:\/\/www.grupoviverde.com.mx\/#website"},"primaryImageOfPage":{"@id":"https:\/\/www.grupoviverde.com.mx\/vivero-puerto-vallarta\/#primaryimage"},"image":{"@id":"https:\/\/www.grupoviverde.com.mx\/vivero-puerto-vallarta\/#primaryimage"},"thumbnailUrl":"https:\/\/www.grupoviverde.com.mx\/wp-content\/uploads\/2023\/11\/DSC_0378-1024x683.jpg","datePublished":"2023-11-03T23:02:13+00:00","dateModified":"2024-01-05T22:07:09+00:00","description":"Nuestro equipo de profesionales en jardiner\u00eda y paisajismo en Puerto Vallarta crea entornos verdes excepcionales. Conoce nuestra filosof\u00eda","breadcrumb":{"@id":"https:\/\/www.grupoviverde.com.mx\/vivero-puerto-vallarta\/#breadcrumb"},"inLanguage":"en-US","potentialAction":[{"@type":"ReadAction","target":["https:\/\/www.grupoviverde.com.mx\/vivero-puerto-vallarta\/"]}]},{"@type":"ImageObject","inLanguage":"en-US","@id":"https:\/\/www.grupoviverde.com.mx\/vivero-puerto-vallarta\/#primaryimage","url":"https:\/\/www.grupoviverde.com.mx\/wp-content\/uploads\/2023\/11\/DSC_0378-1024x683.jpg","contentUrl":"https:\/\/www.grupoviverde.com.mx\/wp-content\/uploads\/2023\/11\/DSC_0378-1024x683.jpg"},{"@type":"BreadcrumbList","@id":"https:\/\/www.grupoviverde.com.mx\/vivero-puerto-vallarta\/#breadcrumb","itemListElement":[{"@type":"ListItem","position":1,"name":"Home","item":"https:\/\/www.grupoviverde.com.mx\/"},{"@type":"ListItem","position":2,"name":"Vivero"}]},{"@type":"WebSite","@id":"https:\/\/www.grupoviverde.com.mx\/#website","url":"https:\/\/www.grupoviverde.com.mx\/","name":"Grupo Viverde","description":"Innovadores por Naturaleza","potentialAction":[{"@type":"SearchAction","target":{"@type":"EntryPoint","urlTemplate":"https:\/\/www.grupoviverde.com.mx\/?s={search_term_string}"},"query-input":{"@type":"PropertyValueSpecification","valueRequired":true,"valueName":"search_term_string"}}],"inLanguage":"en-US"}]}},"uagb_featured_image_src":{"full":false,"thumbnail":false,"medium":false,"medium_large":false,"large":false,"1536x1536":false,"2048x2048":false,"trp-custom-language-flag":false},"uagb_author_info":{"display_name":"isma2023","author_link":"https:\/\/www.grupoviverde.com.mx\/en\/author\/isma2023\/"},"uagb_comment_info":0,"uagb_excerpt":"Vivero Nuestros cat\u00e1lagos","jetpack_sharing_enabled":true,"_links":{"self":[{"href":"https:\/\/www.grupoviverde.com.mx\/en\/wp-json\/wp\/v2\/pages\/1302","targetHints":{"allow":["GET"]}}],"collection":[{"href":"https:\/\/www.grupoviverde.com.mx\/en\/wp-json\/wp\/v2\/pages"}],"about":[{"href":"https:\/\/www.grupoviverde.com.mx\/en\/wp-json\/wp\/v2\/types\/page"}],"author":[{"embeddable":true,"href":"https:\/\/www.grupoviverde.com.mx\/en\/wp-json\/wp\/v2\/users\/1"}],"replies":[{"embeddable":true,"href":"https:\/\/www.grupoviverde.com.mx\/en\/wp-json\/wp\/v2\/comments?post=1302"}],"version-history":[{"count":5,"href":"https:\/\/www.grupoviverde.com.mx\/en\/wp-json\/wp\/v2\/pages\/1302\/revisions"}],"predecessor-version":[{"id":1336,"href":"https:\/\/www.grupoviverde.com.mx\/en\/wp-json\/wp\/v2\/pages\/1302\/revisions\/1336"}],"wp:attachment":[{"href":"https:\/\/www.grupoviverde.com.mx\/en\/wp-json\/wp\/v2\/media?parent=1302"}],"curies":[{"name":"wp","href":"https:\/\/api.w.org\/{rel}","templated":true}]}}