{"id":1231,"date":"2023-09-27T13:45:40","date_gmt":"2023-09-27T19:45:40","guid":{"rendered":"https:\/\/www.grupoviverde.com.mx\/?page_id=1231"},"modified":"2023-10-04T12:24:14","modified_gmt":"2023-10-04T18:24:14","slug":"paisajismo-puerto-vallarta","status":"publish","type":"page","link":"https:\/\/www.grupoviverde.com.mx\/en\/paisajismo-puerto-vallarta\/","title":{"rendered":"Paisajismo landing page"},"content":{"rendered":"<div class=\"wp-block-uagb-container uagb-block-7d7b58dd alignwide uagb-is-root-container\">\n<p> <\/p>\n\n\n\n<div class=\"wp-block-uagb-advanced-heading uagb-block-727fdec7\"><h1 class=\"uagb-heading-text\">Green Dream Designers: <\/h1><\/div>\n\n\n\n<div class=\"wp-block-uagb-advanced-heading uagb-block-be717df0\"><h1 class=\"uagb-heading-text\">We Transform Your Space <\/h1><\/div>\n\n\n\n<div class=\"wp-block-uagb-advanced-heading uagb-block-88bd6b14\"><h1 class=\"uagb-heading-text\">into a Paradise<\/h1><\/div>\n<\/div>\n\n\n\n<div class=\"wp-block-uagb-container uagb-block-9ff4b1b0 alignfull uagb-is-root-container\"><div class=\"uagb-container-inner-blocks-wrap\">\n<figure class=\"wp-block-gallery has-nested-images columns-default is-cropped wp-block-gallery-1 is-layout-flex wp-block-gallery-is-layout-flex\">\n<figure class=\"wp-block-image size-large\"><img data-recalc-dims=\"1\" decoding=\"async\" width=\"1024\" height=\"576\" data-id=\"1261\" data-src=\"https:\/\/i0.wp.com\/www.grupoviverde.com.mx\/wp-content\/uploads\/2023\/10\/8.png?resize=1024%2C576&#038;ssl=1\" alt=\"\" class=\"wp-image-1261 lazyload\" data-srcset=\"https:\/\/i0.wp.com\/www.grupoviverde.com.mx\/wp-content\/uploads\/2023\/10\/8.png?resize=1024%2C576&amp;ssl=1 1024w, https:\/\/i0.wp.com\/www.grupoviverde.com.mx\/wp-content\/uploads\/2023\/10\/8.png?resize=300%2C169&amp;ssl=1 300w, https:\/\/i0.wp.com\/www.grupoviverde.com.mx\/wp-content\/uploads\/2023\/10\/8.png?resize=768%2C432&amp;ssl=1 768w, https:\/\/i0.wp.com\/www.grupoviverde.com.mx\/wp-content\/uploads\/2023\/10\/8.png?resize=1536%2C864&amp;ssl=1 1536w, https:\/\/i0.wp.com\/www.grupoviverde.com.mx\/wp-content\/uploads\/2023\/10\/8.png?resize=2048%2C1152&amp;ssl=1 2048w, https:\/\/i0.wp.com\/www.grupoviverde.com.mx\/wp-content\/uploads\/2023\/10\/8.png?w=3000&amp;ssl=1 3000w\" data-sizes=\"auto, (max-width: 1000px) 100vw, 1000px\" src=\"data:image\/svg+xml;base64,PHN2ZyB3aWR0aD0iMSIgaGVpZ2h0PSIxIiB4bWxucz0iaHR0cDovL3d3dy53My5vcmcvMjAwMC9zdmciPjwvc3ZnPg==\" style=\"--smush-placeholder-width: 1024px; --smush-placeholder-aspect-ratio: 1024\/576;\" \/><\/figure>\n\n\n\n<figure class=\"wp-block-image size-large\"><img data-recalc-dims=\"1\" decoding=\"async\" width=\"3840\" height=\"2160\" data-id=\"1260\" data-src=\"https:\/\/i0.wp.com\/www.grupoviverde.com.mx\/wp-content\/uploads\/2023\/10\/6.png?resize=3840%2C2160&#038;ssl=1\" alt=\"\" class=\"wp-image-1260 lazyload\" data-srcset=\"https:\/\/i0.wp.com\/www.grupoviverde.com.mx\/wp-content\/uploads\/2023\/10\/6.png?resize=1024%2C576&amp;ssl=1 1024w, https:\/\/i0.wp.com\/www.grupoviverde.com.mx\/wp-content\/uploads\/2023\/10\/6.png?resize=300%2C169&amp;ssl=1 300w, https:\/\/i0.wp.com\/www.grupoviverde.com.mx\/wp-content\/uploads\/2023\/10\/6.png?resize=768%2C432&amp;ssl=1 768w, https:\/\/i0.wp.com\/www.grupoviverde.com.mx\/wp-content\/uploads\/2023\/10\/6.png?resize=1536%2C864&amp;ssl=1 1536w, https:\/\/i0.wp.com\/www.grupoviverde.com.mx\/wp-content\/uploads\/2023\/10\/6.png?resize=2048%2C1152&amp;ssl=1 2048w, https:\/\/i0.wp.com\/www.grupoviverde.com.mx\/wp-content\/uploads\/2023\/10\/6.png?w=3000&amp;ssl=1 3000w\" data-sizes=\"auto, (max-width: 1000px) 100vw, 1000px\" src=\"data:image\/svg+xml;base64,PHN2ZyB3aWR0aD0iMSIgaGVpZ2h0PSIxIiB4bWxucz0iaHR0cDovL3d3dy53My5vcmcvMjAwMC9zdmciPjwvc3ZnPg==\" style=\"--smush-placeholder-width: 3840px; --smush-placeholder-aspect-ratio: 3840\/2160;\" \/><\/figure>\n\n\n\n<figure class=\"wp-block-image size-large\"><img data-recalc-dims=\"1\" decoding=\"async\" width=\"1024\" height=\"576\" data-id=\"1259\" data-src=\"https:\/\/i0.wp.com\/www.grupoviverde.com.mx\/wp-content\/uploads\/2023\/10\/4.png?resize=1024%2C576&#038;ssl=1\" alt=\"\" class=\"wp-image-1259 lazyload\" data-srcset=\"https:\/\/i0.wp.com\/www.grupoviverde.com.mx\/wp-content\/uploads\/2023\/10\/4.png?resize=1024%2C576&amp;ssl=1 1024w, https:\/\/i0.wp.com\/www.grupoviverde.com.mx\/wp-content\/uploads\/2023\/10\/4.png?resize=300%2C169&amp;ssl=1 300w, https:\/\/i0.wp.com\/www.grupoviverde.com.mx\/wp-content\/uploads\/2023\/10\/4.png?resize=768%2C432&amp;ssl=1 768w, https:\/\/i0.wp.com\/www.grupoviverde.com.mx\/wp-content\/uploads\/2023\/10\/4.png?resize=1536%2C864&amp;ssl=1 1536w, https:\/\/i0.wp.com\/www.grupoviverde.com.mx\/wp-content\/uploads\/2023\/10\/4.png?resize=2048%2C1152&amp;ssl=1 2048w, https:\/\/i0.wp.com\/www.grupoviverde.com.mx\/wp-content\/uploads\/2023\/10\/4.png?w=3000&amp;ssl=1 3000w\" data-sizes=\"auto, (max-width: 1000px) 100vw, 1000px\" src=\"data:image\/svg+xml;base64,PHN2ZyB3aWR0aD0iMSIgaGVpZ2h0PSIxIiB4bWxucz0iaHR0cDovL3d3dy53My5vcmcvMjAwMC9zdmciPjwvc3ZnPg==\" style=\"--smush-placeholder-width: 1024px; --smush-placeholder-aspect-ratio: 1024\/576;\" \/><\/figure>\n<\/figure>\n<\/div><\/div>\n\n\n\n<h2 class=\"wp-block-heading has-text-align-center has-ast-global-color-1-color has-text-color\" style=\"font-size:30px;line-height:1.4\"><strong>Are you looking to transform your projects into unique experiences with spectacular landscapes? Discover the secret to doing so!<\/strong><\/h2>\n\n\n\n<div class=\"wp-block-columns is-layout-flex wp-container-core-columns-is-layout-28f84493 wp-block-columns-is-layout-flex\">\n<div class=\"wp-block-column is-layout-flow wp-block-column-is-layout-flow\">\n<p class=\"has-medium-font-size\">At <strong>Grupo Viverde, we are leaders in creating inspiring landscapes<\/strong>. Our landscaping expertise has elevated the beauty and functionality of spaces in <strong>Puerto Vallarta and Riviera Nayarit,<\/strong> and we're here to do the same for you. <\/p>\n\n\n\n<p class=\"has-medium-font-size\">Imagine how your projects could stand out even more with meticulously designed landscapes and spectacular green areas. Well-planned landscaping not only adds beauty but also creates environments that attract those who enjoy them. Additionally, our sustainable designs can help with water conservation, reducing long-term costs. <\/p>\n\n\n\n<p class=\"has-medium-font-size\">Transform your outdoor space with a FREE Consultation and Personalized Irrigation Plan <\/p>\n\n\n\n<p><strong>Benefits of the Offer:<\/strong><\/p>\n\n\n\n<ol class=\"wp-block-list\">\n<li><strong>Free Consultation:<\/strong> We'll work with you to explore your ideas and needs and provide you with a completely free consultation.<\/li>\n\n\n\n<li><strong>Personalized Irrigation Plan:<\/strong> You will receive a customized irrigation plan to effortlessly maintain your lush and healthy landscape.<\/li>\n\n\n\n<li><strong>Expert Advice:<\/strong> Our team of landscape architects and irrigation system specialists will guide you through every step of the process.<\/li>\n\n\n\n<li><strong>Unique Design:<\/strong> Get a customized landscaping design that reflects your vision and fits perfectly into your space.<\/li>\n\n\n\n<li><strong>Added Value:<\/strong> Take advantage of this offer at no cost to you, providing you with immediate savings on consulting services.<\/li>\n\n\n\n<li><strong>No Obligation:<\/strong> You have no obligation to hire our services after the consultation. You decide if you want to proceed.<\/li>\n<\/ol>\n\n\n\n<figure class=\"wp-block-video\"><\/figure>\n\n\n\n<h2 class=\"wp-block-heading has-text-align-center has-ast-global-color-1-color has-text-color\" style=\"font-size:30px;line-height:1.4\"><strong>Versatile Solutions, Infinite Possibilities<\/strong><\/h2>\n\n\n\n<figure class=\"wp-block-video\"><video height=\"170\" style=\"aspect-ratio: 1198 \/ 170;\" width=\"1198\" autoplay loop muted preload=\"auto\" src=\"https:\/\/www.grupoviverde.com.mx\/wp-content\/uploads\/2023\/09\/Crece-clientes-.mp4\" playsinline><\/video><\/figure>\n\n\n\n<p class=\"has-medium-font-size\">We merge innovation with adaptation to bring landscapes to life in any context. Our ability to thrive in diverse scenarios sets us apart.<\/p>\n<\/div>\n<\/div>\n\n\n\n<h2 class=\"wp-block-heading has-text-align-center has-ast-global-color-1-color has-text-color\" style=\"font-size:30px;line-height:1.4\"><strong>Why Choose Our Service? <\/strong><\/h2>\n\n\n\n<ol class=\"wp-block-list\">\n<li><strong>Custom Design<\/strong>: We create a unique landscape design tailored to your tastes and specific needs.<\/li>\n\n\n\n<li><strong>Improved Aesthetics<\/strong>: We transform your outdoor space into a visually stunning and harmonious environment.<\/li>\n\n\n\n<li><strong>Increased Property Value<\/strong>: A well-designed landscape can significantly increase your property's value.<\/li>\n\n\n\n<li><strong>Functional Spaces<\/strong>: We design functional areas that cater to your outdoor activities, from entertainment zones to play areas.<\/li>\n\n\n\n<li><strong>Connection with Nature<\/strong>: We create spaces that allow you to connect with nature and relax in a tranquil and beautiful environment.<\/li>\n\n\n\n<li><strong>Professionalism and Experience<\/strong>: Our landscaping experts have years of experience and ensure high-quality results.<\/li>\n\n\n\n<li><strong>Long-Term Value<\/strong>: Investing in landscaping is a long-term investment, as a well-maintained landscape improves over time.<\/li>\n\n\n\n<li><strong>Satisfaction Guaranteed<\/strong>: We guarantee your satisfaction with our services and ensure the final result matches your vision.<\/li>\n\n\n\n<li><strong>Time Savings<\/strong>: Let us take care of the planning, design, and construction, saving you time and effort.<\/li>\n\n\n\n<li><strong>Creativity and Originality<\/strong>Our landscape designs stand out for their creativity and originality, turning your space into a living work of art.<\/li>\n<\/ol>\n\n\n\n<figure class=\"wp-block-video\"><video height=\"2160\" style=\"aspect-ratio: 4096 \/ 2160;\" width=\"4096\" autoplay controls loop muted poster=\"https:\/\/www.grupoviverde.com.mx\/wp-content\/uploads\/2023\/10\/animacion-viverde-6-mp4-image.jpg\" src=\"https:\/\/www.grupoviverde.com.mx\/wp-content\/uploads\/2023\/10\/animacion-viverde-6-1.mp4\"><\/video><\/figure>\n\n\n\n<h2 class=\"wp-block-heading has-text-align-center has-ast-global-color-1-color has-text-color\" style=\"font-size:30px;line-height:1.4\"><strong>Satisfied Customers with Our Services<\/strong><\/h2>\n\n\n\n<figure class=\"wp-block-image size-large has-custom-border is-style-rounded wp-duotone-grayscale\"><img data-recalc-dims=\"1\" decoding=\"async\" width=\"1024\" height=\"145\" data-src=\"https:\/\/i0.wp.com\/www.grupoviverde.com.mx\/wp-content\/uploads\/2023\/09\/Crece-clientes-1-1.png?resize=1024%2C145&#038;ssl=1\" alt=\"Clientes grupo viverde\" class=\"wp-image-1227 lazyload\" style=\"--smush-placeholder-width: 1024px; --smush-placeholder-aspect-ratio: 1024\/145;border-style:none;border-width:0px;border-radius:0px\" data-srcset=\"https:\/\/i0.wp.com\/www.grupoviverde.com.mx\/wp-content\/uploads\/2023\/09\/Crece-clientes-1-1.png?resize=1024%2C145&amp;ssl=1 1024w, https:\/\/i0.wp.com\/www.grupoviverde.com.mx\/wp-content\/uploads\/2023\/09\/Crece-clientes-1-1.png?resize=300%2C43&amp;ssl=1 300w, https:\/\/i0.wp.com\/www.grupoviverde.com.mx\/wp-content\/uploads\/2023\/09\/Crece-clientes-1-1.png?resize=768%2C109&amp;ssl=1 768w, https:\/\/i0.wp.com\/www.grupoviverde.com.mx\/wp-content\/uploads\/2023\/09\/Crece-clientes-1-1.png?w=1199&amp;ssl=1 1199w\" data-sizes=\"auto, (max-width: 1000px) 100vw, 1000px\" src=\"data:image\/svg+xml;base64,PHN2ZyB3aWR0aD0iMSIgaGVpZ2h0PSIxIiB4bWxucz0iaHR0cDovL3d3dy53My5vcmcvMjAwMC9zdmciPjwvc3ZnPg==\" \/><\/figure>\n\n\n\n<p class=\"has-medium-font-size\">We merge innovation with adaptation to bring landscapes to life in any context. Our ability to thrive in diverse scenarios sets us apart.<\/p>\n\n\n\n<p class=\"has-text-align-center has-medium-font-size\"><strong>Enhance the success of your projects with captivating landscapes. Click the button below and start turning your ideas into reality today!<\/strong><\/p>\n\n\n\n<div class=\"wp-block-uagb-marketing-button uagb-marketing-btn__align-center uagb-marketing-btn__align-text-center uagb-marketing-btn__icon-after uagb-block-7c6ff7b3 wp-block-button\"><a href=\"https:\/\/bit.ly\/48tdmfI\" class=\"uagb-marketing-btn__link wp-block-button__link\" target=\"\" rel=\"noopener noreferrer\"><span class=\"uagb-marketing-btn__title\">Contact us<\/span><svg xmlns=\"https:\/\/www.w3.org\/2000\/svg\" viewbox=\"0 0 448 512\"><path d=\"M380.9 97.1C339 55.1 283.2 32 223.9 32c-122.4 0-222 99.6-222 222 0 39.1 10.2 77.3 29.6 111L0 480l117.7-30.9c32.4 17.7 68.9 27 106.1 27h.1c122.3 0 224.1-99.6 224.1-222 0-59.3-25.2-115-67.1-157zm-157 341.6c-33.2 0-65.7-8.9-94-25.7l-6.7-4-69.8 18.3L72 359.2l-4.4-7c-18.5-29.4-28.2-63.3-28.2-98.2 0-101.7 82.8-184.5 184.6-184.5 49.3 0 95.6 19.2 130.4 54.1 34.8 34.9 56.2 81.2 56.1 130.5 0 101.8-84.9 184.6-186.6 184.6zm101.2-138.2c-5.5-2.8-32.8-16.2-37.9-18-5.1-1.9-8.8-2.8-12.5 2.8-3.7 5.6-14.3 18-17.6 21.8-3.2 3.7-6.5 4.2-12 1.4-32.6-16.3-54-29.1-75.5-66-5.7-9.8 5.7-9.1 16.3-30.3 1.8-3.7 .9-6.9-.5-9.7-1.4-2.8-12.5-30.1-17.1-41.2-4.5-10.8-9.1-9.3-12.5-9.5-3.2-.2-6.9-.2-10.6-.2-3.7 0-9.7 1.4-14.8 6.9-5.1 5.6-19.4 19-19.4 46.3 0 27.3 19.9 53.7 22.6 57.4 2.8 3.7 39.1 59.7 94.8 83.8 35.2 15.2 49 16.5 66.6 13.9 10.7-1.6 32.8-13.4 37.4-26.4 4.6-13 4.6-24.1 3.2-26.4-1.3-2.5-5-3.9-10.5-6.6z\"><\/path><\/svg><p class=\"uagb-marketing-btn__prefix\">GET YOUR FREE CONSULTATION!<\/p><\/a><\/div>\n\n\n\n<p><\/p>\n\n\n\n<p><\/p>","protected":false},"excerpt":{"rendered":"<p>Dise\u00f1adores de sue\u00f1os verdes: Transformamos tu espacio en un para\u00edso \u00bfEstas buscando transformar tus proyectos en experiencias \u00fanicas con paisajes espectaculares? \u00a1Descubre el secreto para hacerlo! En Grupo Viverde, somos l\u00edderes en la creaci\u00f3n de paisajes que inspiran. Nuestra experiencia en paisajismo ha elevado la belleza y la funcionalidad de espacios en Puerto Vallarta y [&hellip;]<\/p>\n","protected":false},"author":1,"featured_media":0,"parent":0,"menu_order":0,"comment_status":"closed","ping_status":"closed","template":"","meta":{"nf_dc_page":"","om_disable_all_campaigns":false,"_uag_custom_page_level_css":"","_monsterinsights_skip_tracking":false,"_monsterinsights_sitenote_active":false,"_monsterinsights_sitenote_note":"","_monsterinsights_sitenote_category":0,"site-sidebar-layout":"no-sidebar","site-content-layout":"plain-container","ast-site-content-layout":"normal-width-container","site-content-style":"unboxed","site-sidebar-style":"unboxed","ast-global-header-display":"","ast-banner-title-visibility":"","ast-main-header-display":"","ast-hfb-above-header-display":"","ast-hfb-below-header-display":"","ast-hfb-mobile-header-display":"","site-post-title":"disabled","ast-breadcrumbs-content":"","ast-featured-img":"disabled","footer-sml-layout":"","ast-disable-related-posts":"","theme-transparent-header-meta":"enabled","adv-header-id-meta":"","stick-header-meta":"","header-above-stick-meta":"","header-main-stick-meta":"","header-below-stick-meta":"","astra-migrate-meta-layouts":"set","ast-page-background-enabled":"default","ast-page-background-meta":{"desktop":{"background-color":"","background-image":"","background-repeat":"repeat","background-position":"center center","background-size":"auto","background-attachment":"scroll","background-type":"","background-media":"","overlay-type":"","overlay-color":"","overlay-opacity":"","overlay-gradient":""},"tablet":{"background-color":"","background-image":"","background-repeat":"repeat","background-position":"center center","background-size":"auto","background-attachment":"scroll","background-type":"","background-media":"","overlay-type":"","overlay-color":"","overlay-opacity":"","overlay-gradient":""},"mobile":{"background-color":"","background-image":"","background-repeat":"repeat","background-position":"center center","background-size":"auto","background-attachment":"scroll","background-type":"","background-media":"","overlay-type":"","overlay-color":"","overlay-opacity":"","overlay-gradient":""}},"ast-content-background-meta":{"desktop":{"background-color":"var(--ast-global-color-5)","background-image":"","background-repeat":"repeat","background-position":"center center","background-size":"auto","background-attachment":"scroll","background-type":"","background-media":"","overlay-type":"","overlay-color":"","overlay-opacity":"","overlay-gradient":""},"tablet":{"background-color":"var(--ast-global-color-5)","background-image":"","background-repeat":"repeat","background-position":"center center","background-size":"auto","background-attachment":"scroll","background-type":"","background-media":"","overlay-type":"","overlay-color":"","overlay-opacity":"","overlay-gradient":""},"mobile":{"background-color":"var(--ast-global-color-5)","background-image":"","background-repeat":"repeat","background-position":"center center","background-size":"auto","background-attachment":"scroll","background-type":"","background-media":"","overlay-type":"","overlay-color":"","overlay-opacity":"","overlay-gradient":""}},"footnotes":""},"class_list":["post-1231","page","type-page","status-publish","hentry"],"yoast_head":"<!-- This site is optimized with the Yoast SEO plugin v27.5 - https:\/\/yoast.com\/product\/yoast-seo-wordpress\/ -->\n<title>Paisajismo landing page - Grupo Viverde<\/title>\n<meta name=\"description\" content=\"Nuestro equipo de profesionales en jardiner\u00eda y paisajismo en Puerto Vallarta crea entornos verdes excepcionales. Conoce nuestra filosof\u00eda\" \/>\n<meta name=\"robots\" content=\"index, follow, max-snippet:-1, max-image-preview:large, max-video-preview:-1\" \/>\n<link rel=\"canonical\" href=\"https:\/\/www.grupoviverde.com.mx\/en\/paisajismo-puerto-vallarta\/\" \/>\n<meta property=\"og:locale\" content=\"en_US\" \/>\n<meta property=\"og:type\" content=\"article\" \/>\n<meta property=\"og:title\" content=\"Paisajismo landing page - Grupo Viverde\" \/>\n<meta property=\"og:description\" content=\"Nuestro equipo de profesionales en jardiner\u00eda y paisajismo en Puerto Vallarta crea entornos verdes excepcionales. Conoce nuestra filosof\u00eda\" \/>\n<meta property=\"og:url\" content=\"https:\/\/www.grupoviverde.com.mx\/en\/paisajismo-puerto-vallarta\/\" \/>\n<meta property=\"og:site_name\" content=\"Grupo Viverde\" \/>\n<meta property=\"article:modified_time\" content=\"2023-10-04T18:24:14+00:00\" \/>\n<meta property=\"og:image\" content=\"https:\/\/www.grupoviverde.com.mx\/wp-content\/uploads\/2023\/10\/8-1024x576.png\" \/>\n<meta name=\"twitter:card\" content=\"summary_large_image\" \/>\n<meta name=\"twitter:label1\" content=\"Est. reading time\" \/>\n\t<meta name=\"twitter:data1\" content=\"4 minutes\" \/>\n<script type=\"application\/ld+json\" class=\"yoast-schema-graph\">{\"@context\":\"https:\\\/\\\/schema.org\",\"@graph\":[{\"@type\":\"WebPage\",\"@id\":\"https:\\\/\\\/www.grupoviverde.com.mx\\\/paisajismo-puerto-vallarta\\\/\",\"url\":\"https:\\\/\\\/www.grupoviverde.com.mx\\\/paisajismo-puerto-vallarta\\\/\",\"name\":\"Paisajismo landing page - Grupo Viverde\",\"isPartOf\":{\"@id\":\"https:\\\/\\\/www.grupoviverde.com.mx\\\/#website\"},\"primaryImageOfPage\":{\"@id\":\"https:\\\/\\\/www.grupoviverde.com.mx\\\/paisajismo-puerto-vallarta\\\/#primaryimage\"},\"image\":{\"@id\":\"https:\\\/\\\/www.grupoviverde.com.mx\\\/paisajismo-puerto-vallarta\\\/#primaryimage\"},\"thumbnailUrl\":\"https:\\\/\\\/www.grupoviverde.com.mx\\\/wp-content\\\/uploads\\\/2023\\\/10\\\/8-1024x576.png\",\"datePublished\":\"2023-09-27T19:45:40+00:00\",\"dateModified\":\"2023-10-04T18:24:14+00:00\",\"description\":\"Nuestro equipo de profesionales en jardiner\u00eda y paisajismo en Puerto Vallarta crea entornos verdes excepcionales. Conoce nuestra filosof\u00eda\",\"breadcrumb\":{\"@id\":\"https:\\\/\\\/www.grupoviverde.com.mx\\\/paisajismo-puerto-vallarta\\\/#breadcrumb\"},\"inLanguage\":\"en-US\",\"potentialAction\":[{\"@type\":\"ReadAction\",\"target\":[\"https:\\\/\\\/www.grupoviverde.com.mx\\\/paisajismo-puerto-vallarta\\\/\"]}]},{\"@type\":\"ImageObject\",\"inLanguage\":\"en-US\",\"@id\":\"https:\\\/\\\/www.grupoviverde.com.mx\\\/paisajismo-puerto-vallarta\\\/#primaryimage\",\"url\":\"https:\\\/\\\/www.grupoviverde.com.mx\\\/wp-content\\\/uploads\\\/2023\\\/10\\\/8-1024x576.png\",\"contentUrl\":\"https:\\\/\\\/www.grupoviverde.com.mx\\\/wp-content\\\/uploads\\\/2023\\\/10\\\/8-1024x576.png\"},{\"@type\":\"BreadcrumbList\",\"@id\":\"https:\\\/\\\/www.grupoviverde.com.mx\\\/paisajismo-puerto-vallarta\\\/#breadcrumb\",\"itemListElement\":[{\"@type\":\"ListItem\",\"position\":1,\"name\":\"Home\",\"item\":\"https:\\\/\\\/www.grupoviverde.com.mx\\\/\"},{\"@type\":\"ListItem\",\"position\":2,\"name\":\"Paisajismo landing page\"}]},{\"@type\":\"WebSite\",\"@id\":\"https:\\\/\\\/www.grupoviverde.com.mx\\\/#website\",\"url\":\"https:\\\/\\\/www.grupoviverde.com.mx\\\/\",\"name\":\"Grupo Viverde\",\"description\":\"Innovadores por Naturaleza\",\"potentialAction\":[{\"@type\":\"SearchAction\",\"target\":{\"@type\":\"EntryPoint\",\"urlTemplate\":\"https:\\\/\\\/www.grupoviverde.com.mx\\\/?s={search_term_string}\"},\"query-input\":{\"@type\":\"PropertyValueSpecification\",\"valueRequired\":true,\"valueName\":\"search_term_string\"}}],\"inLanguage\":\"en-US\"}]}<\/script>\n<!-- \/ Yoast SEO plugin. -->","yoast_head_json":{"title":"Paisajismo landing page - Grupo Viverde","description":"Nuestro equipo de profesionales en jardiner\u00eda y paisajismo en Puerto Vallarta crea entornos verdes excepcionales. Conoce nuestra filosof\u00eda","robots":{"index":"index","follow":"follow","max-snippet":"max-snippet:-1","max-image-preview":"max-image-preview:large","max-video-preview":"max-video-preview:-1"},"canonical":"https:\/\/www.grupoviverde.com.mx\/en\/paisajismo-puerto-vallarta\/","og_locale":"en_US","og_type":"article","og_title":"Paisajismo landing page - Grupo Viverde","og_description":"Nuestro equipo de profesionales en jardiner\u00eda y paisajismo en Puerto Vallarta crea entornos verdes excepcionales. Conoce nuestra filosof\u00eda","og_url":"https:\/\/www.grupoviverde.com.mx\/en\/paisajismo-puerto-vallarta\/","og_site_name":"Grupo Viverde","article_modified_time":"2023-10-04T18:24:14+00:00","og_image":[{"url":"https:\/\/www.grupoviverde.com.mx\/wp-content\/uploads\/2023\/10\/8-1024x576.png","type":"","width":"","height":""}],"twitter_card":"summary_large_image","twitter_misc":{"Est. reading time":"4 minutes"},"schema":{"@context":"https:\/\/schema.org","@graph":[{"@type":"WebPage","@id":"https:\/\/www.grupoviverde.com.mx\/paisajismo-puerto-vallarta\/","url":"https:\/\/www.grupoviverde.com.mx\/paisajismo-puerto-vallarta\/","name":"Paisajismo landing page - Grupo Viverde","isPartOf":{"@id":"https:\/\/www.grupoviverde.com.mx\/#website"},"primaryImageOfPage":{"@id":"https:\/\/www.grupoviverde.com.mx\/paisajismo-puerto-vallarta\/#primaryimage"},"image":{"@id":"https:\/\/www.grupoviverde.com.mx\/paisajismo-puerto-vallarta\/#primaryimage"},"thumbnailUrl":"https:\/\/www.grupoviverde.com.mx\/wp-content\/uploads\/2023\/10\/8-1024x576.png","datePublished":"2023-09-27T19:45:40+00:00","dateModified":"2023-10-04T18:24:14+00:00","description":"Nuestro equipo de profesionales en jardiner\u00eda y paisajismo en Puerto Vallarta crea entornos verdes excepcionales. Conoce nuestra filosof\u00eda","breadcrumb":{"@id":"https:\/\/www.grupoviverde.com.mx\/paisajismo-puerto-vallarta\/#breadcrumb"},"inLanguage":"en-US","potentialAction":[{"@type":"ReadAction","target":["https:\/\/www.grupoviverde.com.mx\/paisajismo-puerto-vallarta\/"]}]},{"@type":"ImageObject","inLanguage":"en-US","@id":"https:\/\/www.grupoviverde.com.mx\/paisajismo-puerto-vallarta\/#primaryimage","url":"https:\/\/www.grupoviverde.com.mx\/wp-content\/uploads\/2023\/10\/8-1024x576.png","contentUrl":"https:\/\/www.grupoviverde.com.mx\/wp-content\/uploads\/2023\/10\/8-1024x576.png"},{"@type":"BreadcrumbList","@id":"https:\/\/www.grupoviverde.com.mx\/paisajismo-puerto-vallarta\/#breadcrumb","itemListElement":[{"@type":"ListItem","position":1,"name":"Home","item":"https:\/\/www.grupoviverde.com.mx\/"},{"@type":"ListItem","position":2,"name":"Paisajismo landing page"}]},{"@type":"WebSite","@id":"https:\/\/www.grupoviverde.com.mx\/#website","url":"https:\/\/www.grupoviverde.com.mx\/","name":"Grupo Viverde","description":"Innovadores por Naturaleza","potentialAction":[{"@type":"SearchAction","target":{"@type":"EntryPoint","urlTemplate":"https:\/\/www.grupoviverde.com.mx\/?s={search_term_string}"},"query-input":{"@type":"PropertyValueSpecification","valueRequired":true,"valueName":"search_term_string"}}],"inLanguage":"en-US"}]}},"uagb_featured_image_src":{"full":false,"thumbnail":false,"medium":false,"medium_large":false,"large":false,"1536x1536":false,"2048x2048":false,"trp-custom-language-flag":false},"uagb_author_info":{"display_name":"isma2023","author_link":"https:\/\/www.grupoviverde.com.mx\/en\/author\/isma2023\/"},"uagb_comment_info":0,"uagb_excerpt":"Dise\u00f1adores de sue\u00f1os verdes: Transformamos tu espacio en un para\u00edso \u00bfEstas buscando transformar tus proyectos en experiencias \u00fanicas con paisajes espectaculares? \u00a1Descubre el secreto para hacerlo! En Grupo Viverde, somos l\u00edderes en la creaci\u00f3n de paisajes que inspiran. Nuestra experiencia en paisajismo ha elevado la belleza y la funcionalidad de espacios en Puerto Vallarta y&hellip;","jetpack_sharing_enabled":true,"_links":{"self":[{"href":"https:\/\/www.grupoviverde.com.mx\/en\/wp-json\/wp\/v2\/pages\/1231","targetHints":{"allow":["GET"]}}],"collection":[{"href":"https:\/\/www.grupoviverde.com.mx\/en\/wp-json\/wp\/v2\/pages"}],"about":[{"href":"https:\/\/www.grupoviverde.com.mx\/en\/wp-json\/wp\/v2\/types\/page"}],"author":[{"embeddable":true,"href":"https:\/\/www.grupoviverde.com.mx\/en\/wp-json\/wp\/v2\/users\/1"}],"replies":[{"embeddable":true,"href":"https:\/\/www.grupoviverde.com.mx\/en\/wp-json\/wp\/v2\/comments?post=1231"}],"version-history":[{"count":5,"href":"https:\/\/www.grupoviverde.com.mx\/en\/wp-json\/wp\/v2\/pages\/1231\/revisions"}],"predecessor-version":[{"id":1274,"href":"https:\/\/www.grupoviverde.com.mx\/en\/wp-json\/wp\/v2\/pages\/1231\/revisions\/1274"}],"wp:attachment":[{"href":"https:\/\/www.grupoviverde.com.mx\/en\/wp-json\/wp\/v2\/media?parent=1231"}],"curies":[{"name":"wp","href":"https:\/\/api.w.org\/{rel}","templated":true}]}}